{"id":105,"date":"2025-11-18T20:28:21","date_gmt":"2025-11-19T02:28:21","guid":{"rendered":"https:\/\/muebleriadiamante.directorio-comercial.com\/?page_id=105"},"modified":"2025-11-18T21:40:58","modified_gmt":"2025-11-19T03:40:58","slug":"como-llegar","status":"publish","type":"page","link":"https:\/\/muebleriadiamante.directorio-comercial.com\/?page_id=105","title":{"rendered":"Como llegar"},"content":{"rendered":"\n<div class=\"wp-block-group alignfull has-background is-layout-flow wp-block-group-is-layout-flow\" style=\"background-color:#2c3e50;padding-right:0;padding-left:0\">\n<div class=\"wp-block-group alignwide is-nowrap is-layout-flex wp-container-core-group-is-layout-6c531013 wp-block-group-is-layout-flex\">\n<h2 class=\"wp-block-heading has-tertiary-color has-text-color has-background has-link-color has-large-font-size wp-elements-d7dbc92df045d47598902137df3d27e5\" style=\"border-width:1px;border-top-right-radius:0px;border-bottom-right-radius:29px;background-color:#eff0f0;margin-right:0;margin-left:0;padding-right:0;padding-left:0\">\u00bfD\u00f3nde encontrarnos?<\/h2>\n<\/div>\n\n\n\n<div class=\"wp-block-group is-layout-flow wp-block-group-is-layout-flow\" style=\"padding-right:var(--wp--preset--spacing--50);padding-left:var(--wp--preset--spacing--60)\">\n<p class=\"has-background has-large-font-size\" style=\"border-radius:29px;background-color:#bfb7b1;margin-right:0;margin-left:0;padding-right:var(--wp--preset--spacing--20);padding-left:var(--wp--preset--spacing--20)\">Puedes encontrarnos en Benito Ju\u00e1rez Nte. 503, norte, 20300 San Francisco de los Romo, Ags.<\/p>\n<\/div>\n\n\n\n<div class=\"wp-block-columns is-not-stacked-on-mobile is-layout-flex wp-container-core-columns-is-layout-9c22b1e3 wp-block-columns-is-layout-flex\">\n<div class=\"wp-block-column is-layout-flow wp-block-column-is-layout-flow\" style=\"flex-basis:5%\"><\/div>\n\n\n\n<div class=\"wp-block-column is-layout-flow wp-block-column-is-layout-flow\" style=\"padding-right:var(--wp--preset--spacing--50);padding-left:var(--wp--preset--spacing--50);flex-basis:90%\">\n<iframe src=\"https:\/\/www.google.com\/maps\/embed?pb=!1m18!1m12!1m3!1d41821.47399456663!2d-102.28267714198773!3d22.105721871373362!2m3!1f0!2f0!3f0!3m2!1i1024!2i768!4f13.1!3m3!1m2!1s0x8429edb7e3a3d3c9%3A0x6c18fd9891330f22!2sMUEBLES%20DIAMANTE!5e0!3m2!1ses-419!2smx!4v1763519933566!5m2!1ses-419!2smx\" width=\"350\" height=\"350\" style=\"border:0;\" allowfullscreen=\"\" loading=\"lazy\" referrerpolicy=\"no-referrer-when-downgrade\"><\/iframe>\n<\/div>\n\n\n\n<div class=\"wp-block-column is-layout-flow wp-block-column-is-layout-flow\" style=\"flex-basis:5%\"><\/div>\n<\/div>\n\n\n\n<div class=\"wp-block-group is-layout-constrained wp-block-group-is-layout-constrained\">\n<h2 class=\"wp-block-heading has-text-align-center has-background has-content-heading-font-size\" style=\"border-radius:29px;background-color:#bfb7b1\">Ven y con\u00f3cenos<\/h2>\n\n\n\n<div class=\"wp-block-buttons is-content-justification-center is-layout-flex wp-container-core-buttons-is-layout-a89b3969 wp-block-buttons-is-layout-flex\">\n<div class=\"wp-block-button\"><a class=\"wp-block-button__link has-background has-upper-heading-font-size has-custom-font-size wp-element-button\" href=\"https:\/\/www.google.com\/maps\/dir\/?api=1&amp;destination=Benito+Ju%C3%A1rez+Nte+503%2C+San+Francisco+de+los+Romo%2C+Aguascalientes&amp;travelmode=driving\" style=\"border-radius:29px;background-color:#605a59\">Haz clic aqu\u00ed<\/a><\/div>\n<\/div>\n<\/div>\n<\/div>\n\n\n\n<p><\/p>\n","protected":false},"excerpt":{"rendered":"<p>\u00bfD\u00f3nde encontrarnos? Puedes encontrarnos en Benito Ju\u00e1rez Nte. 503, norte, 20300 San Francisco de los Romo, Ags. Ven y con\u00f3cenos<\/p>\n","protected":false},"author":1,"featured_media":0,"parent":0,"menu_order":0,"comment_status":"closed","ping_status":"closed","template":"full-width","meta":{"footnotes":""},"class_list":["post-105","page","type-page","status-publish","hentry"],"_links":{"self":[{"href":"https:\/\/muebleriadiamante.directorio-comercial.com\/index.php?rest_route=\/wp\/v2\/pages\/105","targetHints":{"allow":["GET"]}}],"collection":[{"href":"https:\/\/muebleriadiamante.directorio-comercial.com\/index.php?rest_route=\/wp\/v2\/pages"}],"about":[{"href":"https:\/\/muebleriadiamante.directorio-comercial.com\/index.php?rest_route=\/wp\/v2\/types\/page"}],"author":[{"embeddable":true,"href":"https:\/\/muebleriadiamante.directorio-comercial.com\/index.php?rest_route=\/wp\/v2\/users\/1"}],"replies":[{"embeddable":true,"href":"https:\/\/muebleriadiamante.directorio-comercial.com\/index.php?rest_route=%2Fwp%2Fv2%2Fcomments&post=105"}],"version-history":[{"count":5,"href":"https:\/\/muebleriadiamante.directorio-comercial.com\/index.php?rest_route=\/wp\/v2\/pages\/105\/revisions"}],"predecessor-version":[{"id":112,"href":"https:\/\/muebleriadiamante.directorio-comercial.com\/index.php?rest_route=\/wp\/v2\/pages\/105\/revisions\/112"}],"wp:attachment":[{"href":"https:\/\/muebleriadiamante.directorio-comercial.com\/index.php?rest_route=%2Fwp%2Fv2%2Fmedia&parent=105"}],"curies":[{"name":"wp","href":"https:\/\/api.w.org\/{rel}","templated":true}]}}