{"id":62,"date":"2025-11-18T02:53:04","date_gmt":"2025-11-18T08:53:04","guid":{"rendered":"https:\/\/muebleriadiamante.directorio-comercial.com\/?page_id=62"},"modified":"2025-11-18T02:53:45","modified_gmt":"2025-11-18T08:53:45","slug":"recamaras","status":"publish","type":"page","link":"https:\/\/muebleriadiamante.directorio-comercial.com\/?page_id=62","title":{"rendered":"Recamaras"},"content":{"rendered":"\n<div class=\"wp-block-buttons is-content-justification-center is-layout-flex wp-container-core-buttons-is-layout-f6f51b6e wp-block-buttons-is-layout-flex\">\n<div class=\"wp-block-button\"><a class=\"wp-block-button__link has-background wp-element-button\" href=\"#moderno\" style=\"background-color:#2a303a\">Estilo moderno contempor\u00e1neo<\/a><\/div>\n\n\n\n<div class=\"wp-block-button\"><a class=\"wp-block-button__link has-background wp-element-button\" href=\"#clasico\" style=\"background-color:#2a303a\">Estilo cl\u00e1sico moderno<\/a><\/div>\n\n\n\n<div class=\"wp-block-button\"><a class=\"wp-block-button__link has-background wp-element-button\" href=\"#minimalista\" style=\"background-color:#2a303a\">Estilo minimalista con led<\/a><\/div>\n\n\n\n<div class=\"wp-block-button\"><a class=\"wp-block-button__link has-background wp-element-button\" href=\"#rustico\" style=\"background-color:#2a303a\">Estilo cl\u00e1sico rustico<\/a><\/div>\n\n\n\n<div class=\"wp-block-button\"><a class=\"wp-block-button__link has-background wp-element-button\" href=\"#tapizado\" style=\"background-color:#2a303a\">Estilo tapizado premium<\/a><\/div>\n<\/div>\n\n\n\n<div class=\"wp-block-columns alignwide is-layout-flex wp-container-core-columns-is-layout-28f84493 wp-block-columns-is-layout-flex\">\n<div class=\"wp-block-column is-layout-flow wp-block-column-is-layout-flow\">\n<div class=\"wp-block-columns is-layout-flex wp-container-core-columns-is-layout-28f84493 wp-block-columns-is-layout-flex\">\n<div class=\"wp-block-column has-background is-layout-flow wp-block-column-is-layout-flow\" style=\"background-color:#2a303a;padding-top:var(--wp--preset--spacing--20);padding-bottom:var(--wp--preset--spacing--20)\">\n<h2 class=\"wp-block-heading has-secaccent-background-color has-background\" id=\"moderno\" style=\"border-radius:10px\">Estilo moderno contempor\u00e1neo<\/h2>\n\n\n\n<div class=\"wp-block-media-text has-secaccent-background-color has-background\" style=\"border-width:1px;padding-left:0\"><figure class=\"wp-block-media-text__media\"><img loading=\"lazy\" decoding=\"async\" width=\"200\" height=\"200\" src=\"https:\/\/muebleriadiamante.directorio-comercial.com\/wp-content\/uploads\/2025\/11\/Recamara2.png\" alt=\"\" class=\"wp-image-63 size-full\" srcset=\"https:\/\/muebleriadiamante.directorio-comercial.com\/wp-content\/uploads\/2025\/11\/Recamara2.png 200w, https:\/\/muebleriadiamante.directorio-comercial.com\/wp-content\/uploads\/2025\/11\/Recamara2-150x150.png 150w\" sizes=\"auto, (max-width: 200px) 100vw, 200px\" \/><\/figure><div class=\"wp-block-media-text__content\">\n<p class=\"has-tertiary-color has-text-color has-link-color wp-elements-8b9517a037b1ccd5cb6eeb6eb552a48a\">Cabecera panelada con dise\u00f1o geom\u00e9trico en madera c\u00e1lida. Incluye bur\u00f3s y tocador con l\u00edneas rectas, creando una est\u00e9tica moderna y elegante. Ideal para ambientes sobrios y de alta presencia visual.<br><strong>Color:<\/strong> Nogal c\u00e1lido \u00b7 Beige<\/p>\n<\/div><\/div>\n\n\n\n<div class=\"wp-block-media-text has-media-on-the-right has-secaccent-background-color has-background\" style=\"border-width:1px;padding-right:0\"><div class=\"wp-block-media-text__content\">\n<p class=\"has-tertiary-color has-text-color has-link-color wp-elements-98d71079969e74b83bf3734bbb08ffce\">Cabecera con iluminaci\u00f3n LED c\u00e1lida integrada, bur\u00f3s minimalistas y espejo iluminado. Una rec\u00e1mara moderna con una apariencia sofisticada y funcional.<br><strong>Color:<\/strong> Nogal c\u00e1lido \u00b7 Luz \u00e1mbar \u00b7 Beige<\/p>\n<\/div><figure class=\"wp-block-media-text__media\"><img loading=\"lazy\" decoding=\"async\" width=\"200\" height=\"200\" src=\"https:\/\/muebleriadiamante.directorio-comercial.com\/wp-content\/uploads\/2025\/11\/Recamara3.png\" alt=\"\" class=\"wp-image-64 size-full\" srcset=\"https:\/\/muebleriadiamante.directorio-comercial.com\/wp-content\/uploads\/2025\/11\/Recamara3.png 200w, https:\/\/muebleriadiamante.directorio-comercial.com\/wp-content\/uploads\/2025\/11\/Recamara3-150x150.png 150w\" sizes=\"auto, (max-width: 200px) 100vw, 200px\" \/><\/figure><\/div>\n\n\n\n<div class=\"wp-block-media-text has-secaccent-background-color has-background\" style=\"border-width:1px;padding-right:var(--wp--preset--spacing--20)\"><figure class=\"wp-block-media-text__media\"><img loading=\"lazy\" decoding=\"async\" width=\"200\" height=\"200\" src=\"https:\/\/muebleriadiamante.directorio-comercial.com\/wp-content\/uploads\/2025\/11\/Recamara7.png\" alt=\"\" class=\"wp-image-65 size-full\" srcset=\"https:\/\/muebleriadiamante.directorio-comercial.com\/wp-content\/uploads\/2025\/11\/Recamara7.png 200w, https:\/\/muebleriadiamante.directorio-comercial.com\/wp-content\/uploads\/2025\/11\/Recamara7-150x150.png 150w\" sizes=\"auto, (max-width: 200px) 100vw, 200px\" \/><\/figure><div class=\"wp-block-media-text__content\">\n<p class=\"has-tertiary-color has-text-color has-link-color wp-elements-63c15fcf95d78f87d7016ab783e8362c\">Cabecera tapizada tipo capiton\u00e9 con marco luminoso LED fr\u00edo. Conjunto de bur\u00f3s y banco tapizado que complementan un look elegante y moderno.<br><strong>Color:<\/strong> Gris oxford \u00b7 Luz fr\u00eda \u00b7 Rosa suave<\/p>\n<\/div><\/div>\n\n\n\n<div class=\"wp-block-media-text has-media-on-the-right has-secaccent-background-color has-background\" style=\"border-width:1px;padding-right:0\"><div class=\"wp-block-media-text__content\">\n<p class=\"has-tertiary-color has-text-color has-link-color wp-elements-b42c172ff8c1904bf7afc3e86456fc0b\">Cabecera con dise\u00f1o diagonal en dos tonos de madera y bur\u00f3s modernos con base negra. Un estilo elegante, geom\u00e9trico y muy actual.<br><strong>Color:<\/strong> Nogal oscuro + negro \u00b7 Beige claro<\/p>\n<\/div><figure class=\"wp-block-media-text__media\"><img loading=\"lazy\" decoding=\"async\" width=\"200\" height=\"200\" src=\"https:\/\/muebleriadiamante.directorio-comercial.com\/wp-content\/uploads\/2025\/11\/Recamara10.png\" alt=\"\" class=\"wp-image-66 size-full\" srcset=\"https:\/\/muebleriadiamante.directorio-comercial.com\/wp-content\/uploads\/2025\/11\/Recamara10.png 200w, https:\/\/muebleriadiamante.directorio-comercial.com\/wp-content\/uploads\/2025\/11\/Recamara10-150x150.png 150w\" sizes=\"auto, (max-width: 200px) 100vw, 200px\" \/><\/figure><\/div>\n<\/div>\n\n\n\n<div class=\"wp-block-column has-secaccent-background-color has-background is-layout-flow wp-block-column-is-layout-flow\" style=\"padding-top:var(--wp--preset--spacing--20);padding-bottom:var(--wp--preset--spacing--20)\">\n<h2 class=\"wp-block-heading has-background-color has-text-color has-background has-link-color wp-elements-1ac5b96070099c0d9c3fd9860ce06b83\" id=\"clasico\" style=\"border-width:1px;border-radius:10px;background-color:#2a303a\">Estilo cl\u00e1sico moderno<\/h2>\n\n\n\n<div class=\"wp-block-media-text has-background\" style=\"border-width:1px;background-color:#2a303a;padding-left:0\"><figure class=\"wp-block-media-text__media\"><img loading=\"lazy\" decoding=\"async\" width=\"200\" height=\"200\" src=\"https:\/\/muebleriadiamante.directorio-comercial.com\/wp-content\/uploads\/2025\/11\/Recamara1.png\" alt=\"\" class=\"wp-image-67 size-full\" srcset=\"https:\/\/muebleriadiamante.directorio-comercial.com\/wp-content\/uploads\/2025\/11\/Recamara1.png 200w, https:\/\/muebleriadiamante.directorio-comercial.com\/wp-content\/uploads\/2025\/11\/Recamara1-150x150.png 150w\" sizes=\"auto, (max-width: 200px) 100vw, 200px\" \/><\/figure><div class=\"wp-block-media-text__content\">\n<p class=\"has-background-color has-text-color has-link-color wp-elements-61bbfee8cb279bb8e8ee79924693de3c\">Cabecera elegante con paneles cuadrados en tono nogal. Bur\u00f3s y peinador a juego con dise\u00f1o robusto y contempor\u00e1neo.<br><strong>Color:<\/strong> Nogal rojizo \u00b7 Beige<\/p>\n<\/div><\/div>\n\n\n\n<div class=\"wp-block-media-text has-media-on-the-right has-background\" style=\"border-width:1px;background-color:#2a303a;padding-right:0\"><div class=\"wp-block-media-text__content\">\n<p class=\"has-background-color has-text-color has-link-color wp-elements-4800bd6e93000db74d06cd77acabbc14\">Cabecera acolchonada tipo abanico con l\u00edneas verticales suaves. Conjunto c\u00e1lido y acogedor con bur\u00f3s en madera natural.<br><strong>Color:<\/strong> Beige perlado \u00b7 Madera c\u00e1lida<\/p>\n<\/div><figure class=\"wp-block-media-text__media\"><img loading=\"lazy\" decoding=\"async\" width=\"200\" height=\"200\" src=\"https:\/\/muebleriadiamante.directorio-comercial.com\/wp-content\/uploads\/2025\/11\/Recamara5.png\" alt=\"\" class=\"wp-image-68 size-full\" srcset=\"https:\/\/muebleriadiamante.directorio-comercial.com\/wp-content\/uploads\/2025\/11\/Recamara5.png 200w, https:\/\/muebleriadiamante.directorio-comercial.com\/wp-content\/uploads\/2025\/11\/Recamara5-150x150.png 150w\" sizes=\"auto, (max-width: 200px) 100vw, 200px\" \/><\/figure><\/div>\n\n\n\n<div class=\"wp-block-media-text has-background\" style=\"border-width:1px;background-color:#2a303a;padding-left:0\"><figure class=\"wp-block-media-text__media\"><img loading=\"lazy\" decoding=\"async\" width=\"200\" height=\"200\" src=\"https:\/\/muebleriadiamante.directorio-comercial.com\/wp-content\/uploads\/2025\/11\/Recamara9.png\" alt=\"\" class=\"wp-image-69 size-full\" srcset=\"https:\/\/muebleriadiamante.directorio-comercial.com\/wp-content\/uploads\/2025\/11\/Recamara9.png 200w, https:\/\/muebleriadiamante.directorio-comercial.com\/wp-content\/uploads\/2025\/11\/Recamara9-150x150.png 150w\" sizes=\"auto, (max-width: 200px) 100vw, 200px\" \/><\/figure><div class=\"wp-block-media-text__content\">\n<p class=\"has-background-color has-text-color has-link-color wp-elements-65eea789708f0b5e608432f5d42695e0\">Cabecera amplia con dise\u00f1o geom\u00e9trico y textiles con patr\u00f3n elegante. Bur\u00f3s rectos de madera c\u00e1lida complementan el estilo.<br><strong>Color:<\/strong> Nogal c\u00e1lido \u00b7 Dorado suave<\/p>\n<\/div><\/div>\n<\/div>\n<\/div>\n<\/div>\n\n\n\n<div class=\"wp-block-column is-layout-flow wp-block-column-is-layout-flow\">\n<div class=\"wp-block-columns is-layout-flex wp-container-core-columns-is-layout-28f84493 wp-block-columns-is-layout-flex\">\n<div class=\"wp-block-column has-background is-layout-flow wp-block-column-is-layout-flow\" style=\"background-color:#2a303a;padding-top:var(--wp--preset--spacing--20);padding-bottom:var(--wp--preset--spacing--20)\">\n<h2 class=\"wp-block-heading has-secaccent-background-color has-background\" id=\"minimalista\" style=\"border-radius:10px\">Estilo Minimalista con Led<\/h2>\n\n\n\n<div class=\"wp-block-media-text has-secaccent-background-color has-background\" style=\"border-width:1px;padding-left:0\"><figure class=\"wp-block-media-text__media\"><img loading=\"lazy\" decoding=\"async\" width=\"200\" height=\"200\" src=\"https:\/\/muebleriadiamante.directorio-comercial.com\/wp-content\/uploads\/2025\/11\/Recamara6.png\" alt=\"\" class=\"wp-image-70 size-full\" srcset=\"https:\/\/muebleriadiamante.directorio-comercial.com\/wp-content\/uploads\/2025\/11\/Recamara6.png 200w, https:\/\/muebleriadiamante.directorio-comercial.com\/wp-content\/uploads\/2025\/11\/Recamara6-150x150.png 150w\" sizes=\"auto, (max-width: 200px) 100vw, 200px\" \/><\/figure><div class=\"wp-block-media-text__content\">\n<p class=\"has-tertiary-color has-text-color has-link-color wp-elements-b21aae5dd41d3b1bbdbaeac7b2bf390c\">Cabecera recta con marco LED y bur\u00f3s en acabado cenizo. El banco rosa capitonado a\u00f1ade contraste moderno y juvenil.<br><strong>Color:<\/strong> Gris cenizo \u00b7 Rosa intenso \u00b7 LED blanco<\/p>\n<\/div><\/div>\n\n\n\n<div class=\"wp-block-media-text has-media-on-the-right has-secaccent-background-color has-background\" style=\"border-width:1px;padding-right:0\"><div class=\"wp-block-media-text__content\">\n<p class=\"has-tertiary-color has-text-color has-link-color wp-elements-4fb470d6f8ffb5a1f158cb6b2f30bc7e\">Cabecera capitonada con iluminaci\u00f3n LED y muebles auxiliares con repisas abiertas. Perfecta para espacios con estilo moderno funcional.<br><strong>Color:<\/strong> Gris cenizo \u00b7 Rosa viejo<\/p>\n<\/div><figure class=\"wp-block-media-text__media\"><img loading=\"lazy\" decoding=\"async\" width=\"200\" height=\"200\" src=\"https:\/\/muebleriadiamante.directorio-comercial.com\/wp-content\/uploads\/2025\/11\/Recamara11.png\" alt=\"\" class=\"wp-image-71 size-full\" srcset=\"https:\/\/muebleriadiamante.directorio-comercial.com\/wp-content\/uploads\/2025\/11\/Recamara11.png 200w, https:\/\/muebleriadiamante.directorio-comercial.com\/wp-content\/uploads\/2025\/11\/Recamara11-150x150.png 150w\" sizes=\"auto, (max-width: 200px) 100vw, 200px\" \/><\/figure><\/div>\n<\/div>\n\n\n\n<div class=\"wp-block-column has-secaccent-background-color has-background is-layout-flow wp-block-column-is-layout-flow\" style=\"padding-top:var(--wp--preset--spacing--20);padding-bottom:var(--wp--preset--spacing--20)\">\n<h2 class=\"wp-block-heading has-background-color has-text-color has-background has-link-color wp-elements-f0f5b22992ca33ba762390af9d682537\" id=\"rustico\" style=\"border-width:1px;border-radius:10px;background-color:#2a303a\">Estilo cl\u00e1sico r\u00fastico<\/h2>\n\n\n\n<div class=\"wp-block-media-text has-background\" style=\"border-width:1px;background-color:#2a303a;padding-left:0\"><figure class=\"wp-block-media-text__media\"><img loading=\"lazy\" decoding=\"async\" width=\"200\" height=\"200\" src=\"https:\/\/muebleriadiamante.directorio-comercial.com\/wp-content\/uploads\/2025\/11\/Recamara4.png\" alt=\"\" class=\"wp-image-72 size-full\" srcset=\"https:\/\/muebleriadiamante.directorio-comercial.com\/wp-content\/uploads\/2025\/11\/Recamara4.png 200w, https:\/\/muebleriadiamante.directorio-comercial.com\/wp-content\/uploads\/2025\/11\/Recamara4-150x150.png 150w\" sizes=\"auto, (max-width: 200px) 100vw, 200px\" \/><\/figure><div class=\"wp-block-media-text__content\">\n<p class=\"has-background-color has-text-color has-link-color wp-elements-d2b3353ad0a8e0765b8cd3f1822c7ae1\">Cabecera con arcos tallados y postes laterales. Conjunto en madera robusta que combina lo cl\u00e1sico y r\u00fastico con un toque c\u00e1lido.<br><strong>Color:<\/strong> Nogal oscuro \u00b7 Mostaza \u00b7 Negro<\/p>\n<\/div><\/div>\n\n\n\n<div class=\"wp-block-media-text has-media-on-the-right has-background\" style=\"border-width:1px;background-color:#2a303a;padding-right:0\"><div class=\"wp-block-media-text__content\">\n<p class=\"has-background-color has-text-color has-link-color wp-elements-bb70813b01a6778e872c4b3b5f4594e8\">Dise\u00f1o elegante con l\u00edneas curvas y madera c\u00e1lida. Destaca por su presencia visual y su estilo tradicional refinado.<br><strong>Color:<\/strong> Nogal c\u00e1lido \u00b7 Negro \u00b7 Beige<\/p>\n<\/div><figure class=\"wp-block-media-text__media\"><img loading=\"lazy\" decoding=\"async\" width=\"200\" height=\"200\" src=\"https:\/\/muebleriadiamante.directorio-comercial.com\/wp-content\/uploads\/2025\/11\/Recamara12.png\" alt=\"\" class=\"wp-image-73 size-full\" srcset=\"https:\/\/muebleriadiamante.directorio-comercial.com\/wp-content\/uploads\/2025\/11\/Recamara12.png 200w, https:\/\/muebleriadiamante.directorio-comercial.com\/wp-content\/uploads\/2025\/11\/Recamara12-150x150.png 150w\" sizes=\"auto, (max-width: 200px) 100vw, 200px\" \/><\/figure><\/div>\n<\/div>\n<\/div>\n<\/div>\n<\/div>\n\n\n\n<div class=\"wp-block-columns alignwide is-layout-flex wp-container-core-columns-is-layout-28f84493 wp-block-columns-is-layout-flex\">\n<div class=\"wp-block-column is-layout-flow wp-block-column-is-layout-flow\">\n<div class=\"wp-block-columns is-layout-flex wp-container-core-columns-is-layout-28f84493 wp-block-columns-is-layout-flex\">\n<div class=\"wp-block-column has-background is-layout-flow wp-block-column-is-layout-flow\" style=\"background-color:#2a303a;padding-top:var(--wp--preset--spacing--20);padding-bottom:var(--wp--preset--spacing--20)\">\n<h2 class=\"wp-block-heading has-secaccent-background-color has-background\" id=\"tapizado\" style=\"border-radius:10px\">Estilo tapizado premium<\/h2>\n\n\n\n<div class=\"wp-block-media-text has-secaccent-background-color has-background\" style=\"border-width:1px;padding-left:0\"><figure class=\"wp-block-media-text__media\"><img loading=\"lazy\" decoding=\"async\" width=\"200\" height=\"200\" src=\"https:\/\/muebleriadiamante.directorio-comercial.com\/wp-content\/uploads\/2025\/11\/Recamara8.png\" alt=\"\" class=\"wp-image-74 size-full\" srcset=\"https:\/\/muebleriadiamante.directorio-comercial.com\/wp-content\/uploads\/2025\/11\/Recamara8.png 200w, https:\/\/muebleriadiamante.directorio-comercial.com\/wp-content\/uploads\/2025\/11\/Recamara8-150x150.png 150w\" sizes=\"auto, (max-width: 200px) 100vw, 200px\" \/><\/figure><div class=\"wp-block-media-text__content\">\n<p class=\"has-tertiary-color has-text-color has-link-color wp-elements-d7ce0ad29ef04c8ec57a61e1321240de\">Cabecera capitonada con tapizado premium y banco a juego. Look acogedor, suave y elegante, perfecto para quienes buscan confort visual.<br><strong>Color:<\/strong> Beige arena \u00b7 Madera c\u00e1lida<\/p>\n<\/div><\/div>\n<\/div>\n\n\n\n<div class=\"wp-block-column has-background-background-color has-background is-layout-flow wp-block-column-is-layout-flow\">\n<p>Estilo cl\u00e1sico moderno<\/p>\n<\/div>\n<\/div>\n<\/div>\n\n\n\n<div class=\"wp-block-column is-layout-flow wp-block-column-is-layout-flow\">\n<div class=\"wp-block-columns is-layout-flex wp-container-core-columns-is-layout-28f84493 wp-block-columns-is-layout-flex\">\n<div class=\"wp-block-column has-background is-layout-flow wp-block-column-is-layout-flow\" style=\"background-color:#2a303a\">\n<p>Estilo Minimalista con Led<\/p>\n<\/div>\n\n\n\n<div class=\"wp-block-column has-secaccent-background-color has-background is-layout-flow wp-block-column-is-layout-flow\">\n<p>Estilo cl\u00e1sico r\u00fastico<\/p>\n<\/div>\n<\/div>\n<\/div>\n<\/div>\n","protected":false},"excerpt":{"rendered":"<p>Estilo moderno contempor\u00e1neo Cabecera panelada con dise\u00f1o geom\u00e9trico en madera c\u00e1lida. Incluye bur\u00f3s y tocador con l\u00edneas rectas, creando una est\u00e9tica moderna y elegante. Ideal para ambientes sobrios y de alta presencia visual.Color: Nogal c\u00e1lido \u00b7 Beige Cabecera con iluminaci\u00f3n LED c\u00e1lida integrada, bur\u00f3s minimalistas y espejo iluminado. Una rec\u00e1mara moderna con una apariencia sofisticada [&hellip;]<\/p>\n","protected":false},"author":1,"featured_media":0,"parent":0,"menu_order":0,"comment_status":"closed","ping_status":"closed","template":"full-width","meta":{"footnotes":""},"class_list":["post-62","page","type-page","status-publish","hentry"],"_links":{"self":[{"href":"https:\/\/muebleriadiamante.directorio-comercial.com\/index.php?rest_route=\/wp\/v2\/pages\/62","targetHints":{"allow":["GET"]}}],"collection":[{"href":"https:\/\/muebleriadiamante.directorio-comercial.com\/index.php?rest_route=\/wp\/v2\/pages"}],"about":[{"href":"https:\/\/muebleriadiamante.directorio-comercial.com\/index.php?rest_route=\/wp\/v2\/types\/page"}],"author":[{"embeddable":true,"href":"https:\/\/muebleriadiamante.directorio-comercial.com\/index.php?rest_route=\/wp\/v2\/users\/1"}],"replies":[{"embeddable":true,"href":"https:\/\/muebleriadiamante.directorio-comercial.com\/index.php?rest_route=%2Fwp%2Fv2%2Fcomments&post=62"}],"version-history":[{"count":2,"href":"https:\/\/muebleriadiamante.directorio-comercial.com\/index.php?rest_route=\/wp\/v2\/pages\/62\/revisions"}],"predecessor-version":[{"id":76,"href":"https:\/\/muebleriadiamante.directorio-comercial.com\/index.php?rest_route=\/wp\/v2\/pages\/62\/revisions\/76"}],"wp:attachment":[{"href":"https:\/\/muebleriadiamante.directorio-comercial.com\/index.php?rest_route=%2Fwp%2Fv2%2Fmedia&parent=62"}],"curies":[{"name":"wp","href":"https:\/\/api.w.org\/{rel}","templated":true}]}}