{"id":95,"date":"2025-11-18T03:37:33","date_gmt":"2025-11-18T09:37:33","guid":{"rendered":"https:\/\/muebleriadiamante.directorio-comercial.com\/?page_id=95"},"modified":"2025-11-18T03:40:29","modified_gmt":"2025-11-18T09:40:29","slug":"closets","status":"publish","type":"page","link":"https:\/\/muebleriadiamante.directorio-comercial.com\/?page_id=95","title":{"rendered":"Closets"},"content":{"rendered":"\n<div class=\"wp-block-buttons is-content-justification-center is-layout-flex wp-container-core-buttons-is-layout-f6f51b6e wp-block-buttons-is-layout-flex\">\n<div class=\"wp-block-button\"><a class=\"wp-block-button__link has-background wp-element-button\" href=\"#minimalista\" style=\"background-color:#2a303a\">Estilo moderno minimalista<\/a><\/div>\n\n\n\n<div class=\"wp-block-button\"><a class=\"wp-block-button__link has-background wp-element-button\" href=\"#contemporaneo\" style=\"background-color:#2a303a\">Estilo cl\u00e1sico contempor\u00e1neo<\/a><\/div>\n\n\n\n<div class=\"wp-block-button\"><a class=\"wp-block-button__link has-background wp-element-button\" href=\"#moderno\" style=\"background-color:#2a303a\">Estilo moderno funcional<\/a><\/div>\n\n\n\n<div class=\"wp-block-button\"><a class=\"wp-block-button__link has-background wp-element-button\" href=\"#escandinavo\" style=\"background-color:#2a303a\">Estilo cl\u00e1sico<\/a><\/div>\n<\/div>\n\n\n\n<div class=\"wp-block-columns alignwide is-layout-flex wp-container-core-columns-is-layout-28f84493 wp-block-columns-is-layout-flex\">\n<div class=\"wp-block-column is-layout-flow wp-block-column-is-layout-flow\">\n<div class=\"wp-block-columns is-layout-flex wp-container-core-columns-is-layout-28f84493 wp-block-columns-is-layout-flex\">\n<div class=\"wp-block-column has-background is-layout-flow wp-block-column-is-layout-flow\" style=\"background-color:#2a303a;padding-top:var(--wp--preset--spacing--20);padding-bottom:var(--wp--preset--spacing--20)\">\n<h2 class=\"wp-block-heading has-secaccent-background-color has-background\" id=\"minimalista\" style=\"border-radius:10px\">Estilo moderno minimalista<\/h2>\n\n\n\n<div class=\"wp-block-media-text has-secaccent-background-color has-background\" style=\"border-width:1px;padding-left:0\"><figure class=\"wp-block-media-text__media\"><img loading=\"lazy\" decoding=\"async\" width=\"200\" height=\"300\" src=\"https:\/\/muebleriadiamante.directorio-comercial.com\/wp-content\/uploads\/2025\/11\/Closet2.png\" alt=\"\" class=\"wp-image-97 size-full\"\/><\/figure><div class=\"wp-block-media-text__content\">\n<p class=\"has-tertiary-color has-text-color has-link-color wp-elements-b6c475009c10890d8e3f82563baef99b\">Cl\u00f3set de estilo moderno con l\u00edneas rectas y acabado en tono nogal claro. Incluye cajones amplios, m\u00f3dulos verticales con puertas lisas y compartimentos abiertos para organizaci\u00f3n r\u00e1pida. Ideal para habitaciones contempor\u00e1neas que buscan practicidad sin perder elegancia.<\/p>\n<\/div><\/div>\n<\/div>\n\n\n\n<div class=\"wp-block-column has-secaccent-background-color has-background is-layout-flow wp-block-column-is-layout-flow\" style=\"padding-top:var(--wp--preset--spacing--20);padding-bottom:var(--wp--preset--spacing--20)\">\n<h2 class=\"wp-block-heading has-background-color has-text-color has-background has-link-color wp-elements-ff5c5fb6fe7492a938d8c4af9502be87\" id=\"contemporaneo\" style=\"border-width:1px;border-radius:10px;background-color:#2a303a\">Estilo cl\u00e1sico contempor\u00e1neo<\/h2>\n\n\n\n<div class=\"wp-block-media-text has-background\" style=\"border-width:1px;background-color:#2a303a;padding-left:0\"><figure class=\"wp-block-media-text__media\"><img loading=\"lazy\" decoding=\"async\" width=\"200\" height=\"300\" src=\"https:\/\/muebleriadiamante.directorio-comercial.com\/wp-content\/uploads\/2025\/11\/Closet3.png\" alt=\"\" class=\"wp-image-98 size-full\"\/><\/figure><div class=\"wp-block-media-text__content\">\n<p class=\"has-background-color has-text-color has-link-color wp-elements-f11b8cd54fe62a8c18f5d5ef95210bd0\">Cl\u00f3set en acabado negro mate con un espejo vertical integrado. Incluye cuatro cajones amplios y m\u00f3dulos de doble puerta para mayor almacenamiento. Su dise\u00f1o estilizado y sobrio lo convierte en una opci\u00f3n elegante para rec\u00e1maras modernas.<\/p>\n<\/div><\/div>\n<\/div>\n<\/div>\n<\/div>\n\n\n\n<div class=\"wp-block-column is-layout-flow wp-block-column-is-layout-flow\">\n<div class=\"wp-block-columns is-layout-flex wp-container-core-columns-is-layout-28f84493 wp-block-columns-is-layout-flex\">\n<div class=\"wp-block-column has-background is-layout-flow wp-block-column-is-layout-flow\" style=\"background-color:#2a303a;padding-top:var(--wp--preset--spacing--20);padding-bottom:var(--wp--preset--spacing--20)\">\n<h2 class=\"wp-block-heading has-secaccent-background-color has-background\" id=\"moderno\" style=\"border-radius:10px\">Estilo Moderno Funcional<\/h2>\n\n\n\n<div class=\"wp-block-media-text has-secaccent-background-color has-background\" style=\"border-width:1px;padding-left:0\"><figure class=\"wp-block-media-text__media\"><img loading=\"lazy\" decoding=\"async\" width=\"200\" height=\"300\" src=\"https:\/\/muebleriadiamante.directorio-comercial.com\/wp-content\/uploads\/2025\/11\/Closet2.png\" alt=\"\" class=\"wp-image-97 size-full\"\/><\/figure><div class=\"wp-block-media-text__content\">\n<p class=\"has-tertiary-color has-text-color has-link-color wp-elements-c009dbe12ff62c879f1a4274624b0807\">Cl\u00f3set moderno en tono nogal medio, con dise\u00f1o limpio y pr\u00e1ctico. Incorpora seis cajones centrales, dos puertas superiores y dos compartimentos abiertos ideales para zapatos o art\u00edculos de uso r\u00e1pido. Su estructura recta combina funcionalidad y estilo contempor\u00e1neo.<\/p>\n<\/div><\/div>\n<\/div>\n\n\n\n<div class=\"wp-block-column has-secaccent-background-color has-background is-layout-flow wp-block-column-is-layout-flow\" style=\"padding-top:var(--wp--preset--spacing--20);padding-bottom:var(--wp--preset--spacing--20)\">\n<h2 class=\"wp-block-heading has-background-color has-text-color has-background has-link-color wp-elements-477c5d527b2c5711baeec8582fbd2ca8\" id=\"clasico\" style=\"border-width:1px;border-radius:10px;background-color:#2a303a\">Estilo cl\u00e1sico<\/h2>\n\n\n\n<div class=\"wp-block-media-text has-background\" style=\"border-width:1px;background-color:#2a303a;padding-left:0\"><figure class=\"wp-block-media-text__media\"><img loading=\"lazy\" decoding=\"async\" width=\"200\" height=\"300\" src=\"https:\/\/muebleriadiamante.directorio-comercial.com\/wp-content\/uploads\/2025\/11\/closet5.png\" alt=\"\" class=\"wp-image-100 size-full\"\/><\/figure><div class=\"wp-block-media-text__content\">\n<p class=\"has-background-color has-text-color has-link-color wp-elements-e07d5c3d9f621f55b3ee75f01999bc93\">Cl\u00f3set cl\u00e1sico de madera tono caoba con puertas enmarcadas y dos puertas centrales con espejo. Su base cuenta con m\u00faltiples cajones que facilitan la organizaci\u00f3n de prendas. Un dise\u00f1o tradicional que destaca por su presencia y funcionalidad.<\/p>\n<\/div><\/div>\n\n\n\n<div class=\"wp-block-media-text has-media-on-the-right has-background\" style=\"border-width:1px;background-color:#2a303a;padding-right:0\"><div class=\"wp-block-media-text__content\">\n<p class=\"has-background-color has-text-color has-link-color wp-elements-2209a17914b65248617f48f35978f5a6\">Cl\u00f3set compacto en tono caoba oscuro con tres puertas frontales y cajones inferiores. El m\u00f3dulo superior agrega espacio adicional para almacenar ropa de temporada. Perfecto para rec\u00e1maras medianas que buscan elegancia en un formato pr\u00e1ctico.<\/p>\n<\/div><figure class=\"wp-block-media-text__media\"><img loading=\"lazy\" decoding=\"async\" width=\"200\" height=\"300\" src=\"https:\/\/muebleriadiamante.directorio-comercial.com\/wp-content\/uploads\/2025\/11\/Closet1.png\" alt=\"\" class=\"wp-image-96 size-full\"\/><\/figure><\/div>\n<\/div>\n<\/div>\n<\/div>\n<\/div>\n","protected":false},"excerpt":{"rendered":"<p>Estilo moderno minimalista Cl\u00f3set de estilo moderno con l\u00edneas rectas y acabado en tono nogal claro. Incluye cajones amplios, m\u00f3dulos verticales con puertas lisas y compartimentos abiertos para organizaci\u00f3n r\u00e1pida. Ideal para habitaciones contempor\u00e1neas que buscan practicidad sin perder elegancia. Estilo cl\u00e1sico contempor\u00e1neo Cl\u00f3set en acabado negro mate con un espejo vertical integrado. Incluye cuatro [&hellip;]<\/p>\n","protected":false},"author":1,"featured_media":0,"parent":0,"menu_order":0,"comment_status":"closed","ping_status":"closed","template":"full-width","meta":{"footnotes":""},"class_list":["post-95","page","type-page","status-publish","hentry"],"_links":{"self":[{"href":"https:\/\/muebleriadiamante.directorio-comercial.com\/index.php?rest_route=\/wp\/v2\/pages\/95","targetHints":{"allow":["GET"]}}],"collection":[{"href":"https:\/\/muebleriadiamante.directorio-comercial.com\/index.php?rest_route=\/wp\/v2\/pages"}],"about":[{"href":"https:\/\/muebleriadiamante.directorio-comercial.com\/index.php?rest_route=\/wp\/v2\/types\/page"}],"author":[{"embeddable":true,"href":"https:\/\/muebleriadiamante.directorio-comercial.com\/index.php?rest_route=\/wp\/v2\/users\/1"}],"replies":[{"embeddable":true,"href":"https:\/\/muebleriadiamante.directorio-comercial.com\/index.php?rest_route=%2Fwp%2Fv2%2Fcomments&post=95"}],"version-history":[{"count":1,"href":"https:\/\/muebleriadiamante.directorio-comercial.com\/index.php?rest_route=\/wp\/v2\/pages\/95\/revisions"}],"predecessor-version":[{"id":101,"href":"https:\/\/muebleriadiamante.directorio-comercial.com\/index.php?rest_route=\/wp\/v2\/pages\/95\/revisions\/101"}],"wp:attachment":[{"href":"https:\/\/muebleriadiamante.directorio-comercial.com\/index.php?rest_route=%2Fwp%2Fv2%2Fmedia&parent=95"}],"curies":[{"name":"wp","href":"https:\/\/api.w.org\/{rel}","templated":true}]}}